{"id":79,"date":"2014-05-05T10:33:14","date_gmt":"2014-05-05T09:33:14","guid":{"rendered":"http:\/\/metall-service.at\/?page_id=79"},"modified":"2020-06-01T13:49:18","modified_gmt":"2020-06-01T12:49:18","slug":"datenschutzerklaerung","status":"publish","type":"page","link":"http:\/\/metall-service.at\/?page_id=79","title":{"rendered":"Datenschutzerkl\u00e4rung"},"content":{"rendered":"<p><em>\u00a71 Datenschutz<\/em><br \/>\nNachfolgend m\u00f6chten wir Sie \u00fcber unsere Datenschutzerkl\u00e4rung informieren. Sie finden hier Informationen \u00fcber die Erhebung und Verwendung pers\u00f6nlicher Daten bei der Nutzung unserer Webseite. Wir beachten dabei das f\u00fcr \u00d6sterreich geltende Datenschutzrecht. Sie k\u00f6nnen diese Erkl\u00e4rung jederzeit auf unserer Webseite abrufen.<br \/>\nWir weisen ausdr\u00fccklich darauf hin, dass die Daten\u00fcbertragung im Internet (z.B. bei der Kommunikation per E-Mail) Sicherheitsl\u00fccken aufweisen und nicht l\u00fcckenlos vor dem Zugriff durch Dritte gesch\u00fctzt werden kann.<br \/>\nDie Verwendung der Kontaktdaten unseres Impressums zur gewerblichen Werbung ist ausdr\u00fccklich nicht erw\u00fcnscht, es sei denn wir hatten zuvor unsere schriftliche Einwilligung erteilt oder es besteht bereits eine Gesch\u00e4ftsbeziehung. Der Anbieter und alle auf dieser Website genannten Personen widersprechen hiermit jeder kommerziellen Verwendung und Weitergabe ihrer Daten.<\/p>\n<p><em>\u00a72 Personenbezogene Daten<\/em><br \/>\nSie k\u00f6nnen unsere Webseite ohne Angabe personenbezogener Daten besuchen. Soweit auf unseren Seiten personenbezogene Daten (wie Name, Anschrift oder E-Mail Adresse) erhoben werden, erfolgt dies, soweit m\u00f6glich, auf freiwilliger Basis. Diese Daten werden ohne Ihre ausdr\u00fcckliche Zustimmung nicht an Dritte weitergegeben. Sofern zwischen Ihnen und uns ein Vertragsverh\u00e4ltnis begr\u00fcndet, inhaltlich ausgestaltet oder ge\u00e4ndert werden soll oder Sie an uns eine Anfrage stellen, erheben und verwenden wir personenbezogene Daten von Ihnen, soweit dies zu diesen Zwecken erforderlich ist (Bestandsdaten). Wir erheben, verarbeiten und nutzen personenbezogene Daten soweit dies erforderlich ist, um Ihnen die Inanspruchnahme des Webangebots zu erm\u00f6glichen (Nutzungsdaten). S\u00e4mtliche personenbezogenen Daten werden nur solange gespeichert wie dies f\u00fcr den geannten Zweck (Bearbeitung Ihrer Anfrage oder Abwicklung eines Vertrags) erforderlich ist. Hierbei werden steuer- und handelsrechtliche Aufbewahrungsfristen ber\u00fccksichtigt. Auf Anordnung der zust\u00e4ndigen Stellen d\u00fcrfen wir im Einzelfall Auskunft \u00fcber diese Daten (Bestandsdaten) erteilen, soweit dies f\u00fcr Zwecke der Strafverfolgung, zur Gefahrenabwehr, zur Erf\u00fcllung der gesetzlichen Aufgaben der Verfassungsschutzbeh\u00f6rden oder des Milit\u00e4rischen Abschirmdienstes oder zur Durchsetzung der Rechte am geistigen Eigentum erforderlich ist.<\/p>\n<p><em>\u00a73 Kommentarfunktionen<\/em><br \/>\nIm Rahmen der Kommentarfunktion erheben wir personenbezogene Daten (z.B. Name, E-Mail) im Rahmen Ihrer Kommentierung zu einem Beitrag nur in dem Umfang wie Sie ihn uns mitgeteilt haben. Bei der Ver\u00f6ffentlichung eines Kommentars wird die von Ihnen angegebene Email-Adresse gespeichert, aber nicht ver\u00f6ffentlicht. Ihr Name wird ver\u00f6ffentlicht, wenn Sie nicht unter Pseudonym geschrieben haben.<\/p>\n<p><em>\u00a74 Datenschutzerkl\u00e4rung f\u00fcr den Webanalysedienst Google Analytics<\/em><br \/>\nDiese Website benutzt Google Analytics, einen Webanalysedienst der Google Inc. (&#8222;Google&#8220;). Google Analytics verwendet sog. &#8222;Cookies&#8220;, Textdateien, die auf Ihrem Computer gespeichert werden und die eine Analyse der Benutzung der Website durch Sie erm\u00f6glichen. Die durch den Cookie erzeugten Informationen \u00fcber Ihre Benutzung dieser Website werden in der Regel an einen Server von Google in den USA \u00fcbertragen und dort gespeichert. Wir haben die IP-Anonymisierung aktiviert. Auf dieser Webseite wird Ihre IP-Adresse von Google daher innerhalb von Mitgliedstaaten der Europ\u00e4ischen Union oder in anderen Vertragsstaaten des Abkommens \u00fcber den Europ\u00e4ischen Wirtschaftsraum zuvor gek\u00fcrzt. Nur in Ausnahmef\u00e4llen wird die volle IP-Adresse an einen Server von Google in den USA \u00fcbertragen und dort gek\u00fcrzt. Im Auftrag des Betreibers dieser Website wird Google diese Informationen benutzen, um Ihre Nutzung der Website auszuwerten, um Reports \u00fcber die Websiteaktivit\u00e4ten zusammenzustellen und um weitere mit der Websitenutzung und der Internetnutzung verbundene Dienstleistungen gegen\u00fcber dem Websitebetreiber zu erbringen. Die im Rahmen von Google Analytics von Ihrem Browser \u00fcbermittelte IP-Adresse wird nicht mit anderen Daten von Google zusammengef\u00fchrt. Sie k\u00f6nnen die Speicherung der Cookies durch eine entsprechende Einstellung Ihrer Browser-Software verhindern; wir weisen Sie jedoch darauf hin, dass Sie in diesem Fall gegebenenfalls nicht s\u00e4mtliche Funktionen dieser Website vollumf\u00e4nglich werden nutzen k\u00f6nnen. Sie k\u00f6nnen dar\u00fcber hinaus die Erfassung der durch das Cookie erzeugten und auf Ihre Nutzung der Website bezogenen Daten (inkl. Ihrer IP-Adresse) an Google sowie die Verarbeitung dieser Daten durch Google verhindern, indem sie das unter dem folgenden Link verf\u00fcgbare Browser-Plugin herunterladen und installieren: <a href=\"http:\/\/tools.google.com\/dlpage\/gaoptout?hl=de\" rel=\"nofollow\">http:\/\/tools.google.com\/dlpage\/gaoptout?hl=de<\/a><\/p>\n<p><em>\u00a75 Auskunftsrecht<\/em><br \/>\nSie haben das jederzeitige Recht, sich unentgeltlich und unverz\u00fcglich \u00fcber die zu Ihrer Person erhobenen Daten zu erkundigen. Sie haben das jederzeitige Recht, Ihre Zustimmung zur Verwendung Ihrer angegeben pers\u00f6nlichen Daten mit Wirkung f\u00fcr die Zukunft zu widerrufen. Zur Auskunftserteilung wenden Sie sich bitte an den Anbieter unter den Kontaktdaten im Impressum.<\/p>\n<p>Quelle: ua. <a href=\"http:\/\/www.juraforum.de\/impressum-generator\/\">juraforum.de<\/a><\/p>\n","protected":false},"excerpt":{"rendered":"<p>\u00a71 Datenschutz Nachfolgend m\u00f6chten wir Sie \u00fcber unsere Datenschutzerkl\u00e4rung informieren. Sie finden hier Informationen \u00fcber die Erhebung und Verwendung pers\u00f6nlicher Daten bei der Nutzung unserer Webseite. Wir beachten dabei das f\u00fcr \u00d6sterreich geltende Datenschutzrecht. Sie k\u00f6nnen diese Erkl\u00e4rung jederzeit auf unserer Webseite abrufen. Wir weisen ausdr\u00fccklich darauf hin, dass die Daten\u00fcbertragung im Internet (z.B. bei [&hellip;]<\/p>\n","protected":false},"author":2,"featured_media":0,"parent":7,"menu_order":2,"comment_status":"closed","ping_status":"open","template":"page-templates\/full-width.php","meta":[],"acf":[],"yoast_head":"<!-- This site is optimized with the Yoast SEO plugin v19.13 - https:\/\/yoast.com\/wordpress\/plugins\/seo\/ -->\n<title>Datenschutzerkl\u00e4rung - Metall-Service Gesellschaft m.b.H.<\/title>\n<meta name=\"robots\" content=\"index, follow, max-snippet:-1, max-image-preview:large, max-video-preview:-1\" \/>\n<link rel=\"canonical\" href=\"http:\/\/metall-service.at\/?page_id=79\" \/>\n<meta property=\"og:locale\" content=\"de_DE\" \/>\n<meta property=\"og:type\" content=\"article\" \/>\n<meta property=\"og:title\" content=\"Datenschutzerkl\u00e4rung - Metall-Service Gesellschaft m.b.H.\" \/>\n<meta property=\"og:description\" content=\"\u00a71 Datenschutz Nachfolgend m\u00f6chten wir Sie \u00fcber unsere Datenschutzerkl\u00e4rung informieren. Sie finden hier Informationen \u00fcber die Erhebung und Verwendung pers\u00f6nlicher Daten bei der Nutzung unserer Webseite. Wir beachten dabei das f\u00fcr \u00d6sterreich geltende Datenschutzrecht. Sie k\u00f6nnen diese Erkl\u00e4rung jederzeit auf unserer Webseite abrufen. Wir weisen ausdr\u00fccklich darauf hin, dass die Daten\u00fcbertragung im Internet (z.B. bei [&hellip;]\" \/>\n<meta property=\"og:url\" content=\"http:\/\/metall-service.at\/?page_id=79\" \/>\n<meta property=\"og:site_name\" content=\"Metall-Service Gesellschaft m.b.H.\" \/>\n<meta property=\"article:modified_time\" content=\"2020-06-01T12:49:18+00:00\" \/>\n<meta name=\"twitter:label1\" content=\"Gesch\u00e4tzte Lesezeit\" \/>\n\t<meta name=\"twitter:data1\" content=\"4\u00a0Minuten\" \/>\n<script type=\"application\/ld+json\" class=\"yoast-schema-graph\">{\"@context\":\"https:\/\/schema.org\",\"@graph\":[{\"@type\":\"WebPage\",\"@id\":\"http:\/\/metall-service.at\/?page_id=79\",\"url\":\"http:\/\/metall-service.at\/?page_id=79\",\"name\":\"Datenschutzerkl\u00e4rung - Metall-Service Gesellschaft m.b.H.\",\"isPartOf\":{\"@id\":\"http:\/\/metall-service.at\/#website\"},\"datePublished\":\"2014-05-05T09:33:14+00:00\",\"dateModified\":\"2020-06-01T12:49:18+00:00\",\"breadcrumb\":{\"@id\":\"http:\/\/metall-service.at\/?page_id=79#breadcrumb\"},\"inLanguage\":\"de\",\"potentialAction\":[{\"@type\":\"ReadAction\",\"target\":[\"http:\/\/metall-service.at\/?page_id=79\"]}]},{\"@type\":\"BreadcrumbList\",\"@id\":\"http:\/\/metall-service.at\/?page_id=79#breadcrumb\",\"itemListElement\":[{\"@type\":\"ListItem\",\"position\":1,\"name\":\"Home\",\"item\":\"http:\/\/metall-service.at\/\"},{\"@type\":\"ListItem\",\"position\":2,\"name\":\"Impressum\",\"item\":\"http:\/\/metall-service.at\/?page_id=7\"},{\"@type\":\"ListItem\",\"position\":3,\"name\":\"Datenschutzerkl\u00e4rung\"}]},{\"@type\":\"WebSite\",\"@id\":\"http:\/\/metall-service.at\/#website\",\"url\":\"http:\/\/metall-service.at\/\",\"name\":\"Metall-Service Gesellschaft m.b.H.\",\"description\":\"Aluminium- &amp; Magnesiumrecycling, Schrott + Metallhandel\",\"publisher\":{\"@id\":\"http:\/\/metall-service.at\/#organization\"},\"potentialAction\":[{\"@type\":\"SearchAction\",\"target\":{\"@type\":\"EntryPoint\",\"urlTemplate\":\"http:\/\/metall-service.at\/?s={search_term_string}\"},\"query-input\":\"required name=search_term_string\"}],\"inLanguage\":\"de\"},{\"@type\":\"Organization\",\"@id\":\"http:\/\/metall-service.at\/#organization\",\"name\":\"Metall-Service Gesellschaft m.b.H.\",\"url\":\"http:\/\/metall-service.at\/\",\"logo\":{\"@type\":\"ImageObject\",\"inLanguage\":\"de\",\"@id\":\"http:\/\/metall-service.at\/#\/schema\/logo\/image\/\",\"url\":\"http:\/\/metall-service.at\/wp-content\/uploads\/2018\/03\/Logo-Metall-Service.jpg\",\"contentUrl\":\"http:\/\/metall-service.at\/wp-content\/uploads\/2018\/03\/Logo-Metall-Service.jpg\",\"width\":763,\"height\":492,\"caption\":\"Metall-Service Gesellschaft m.b.H.\"},\"image\":{\"@id\":\"http:\/\/metall-service.at\/#\/schema\/logo\/image\/\"}}]}<\/script>\n<!-- \/ Yoast SEO plugin. -->","yoast_head_json":{"title":"Datenschutzerkl\u00e4rung - Metall-Service Gesellschaft m.b.H.","robots":{"index":"index","follow":"follow","max-snippet":"max-snippet:-1","max-image-preview":"max-image-preview:large","max-video-preview":"max-video-preview:-1"},"canonical":"http:\/\/metall-service.at\/?page_id=79","og_locale":"de_DE","og_type":"article","og_title":"Datenschutzerkl\u00e4rung - Metall-Service Gesellschaft m.b.H.","og_description":"\u00a71 Datenschutz Nachfolgend m\u00f6chten wir Sie \u00fcber unsere Datenschutzerkl\u00e4rung informieren. Sie finden hier Informationen \u00fcber die Erhebung und Verwendung pers\u00f6nlicher Daten bei der Nutzung unserer Webseite. Wir beachten dabei das f\u00fcr \u00d6sterreich geltende Datenschutzrecht. Sie k\u00f6nnen diese Erkl\u00e4rung jederzeit auf unserer Webseite abrufen. Wir weisen ausdr\u00fccklich darauf hin, dass die Daten\u00fcbertragung im Internet (z.B. bei [&hellip;]","og_url":"http:\/\/metall-service.at\/?page_id=79","og_site_name":"Metall-Service Gesellschaft m.b.H.","article_modified_time":"2020-06-01T12:49:18+00:00","twitter_misc":{"Gesch\u00e4tzte Lesezeit":"4\u00a0Minuten"},"schema":{"@context":"https:\/\/schema.org","@graph":[{"@type":"WebPage","@id":"http:\/\/metall-service.at\/?page_id=79","url":"http:\/\/metall-service.at\/?page_id=79","name":"Datenschutzerkl\u00e4rung - Metall-Service Gesellschaft m.b.H.","isPartOf":{"@id":"http:\/\/metall-service.at\/#website"},"datePublished":"2014-05-05T09:33:14+00:00","dateModified":"2020-06-01T12:49:18+00:00","breadcrumb":{"@id":"http:\/\/metall-service.at\/?page_id=79#breadcrumb"},"inLanguage":"de","potentialAction":[{"@type":"ReadAction","target":["http:\/\/metall-service.at\/?page_id=79"]}]},{"@type":"BreadcrumbList","@id":"http:\/\/metall-service.at\/?page_id=79#breadcrumb","itemListElement":[{"@type":"ListItem","position":1,"name":"Home","item":"http:\/\/metall-service.at\/"},{"@type":"ListItem","position":2,"name":"Impressum","item":"http:\/\/metall-service.at\/?page_id=7"},{"@type":"ListItem","position":3,"name":"Datenschutzerkl\u00e4rung"}]},{"@type":"WebSite","@id":"http:\/\/metall-service.at\/#website","url":"http:\/\/metall-service.at\/","name":"Metall-Service Gesellschaft m.b.H.","description":"Aluminium- &amp; Magnesiumrecycling, Schrott + Metallhandel","publisher":{"@id":"http:\/\/metall-service.at\/#organization"},"potentialAction":[{"@type":"SearchAction","target":{"@type":"EntryPoint","urlTemplate":"http:\/\/metall-service.at\/?s={search_term_string}"},"query-input":"required name=search_term_string"}],"inLanguage":"de"},{"@type":"Organization","@id":"http:\/\/metall-service.at\/#organization","name":"Metall-Service Gesellschaft m.b.H.","url":"http:\/\/metall-service.at\/","logo":{"@type":"ImageObject","inLanguage":"de","@id":"http:\/\/metall-service.at\/#\/schema\/logo\/image\/","url":"http:\/\/metall-service.at\/wp-content\/uploads\/2018\/03\/Logo-Metall-Service.jpg","contentUrl":"http:\/\/metall-service.at\/wp-content\/uploads\/2018\/03\/Logo-Metall-Service.jpg","width":763,"height":492,"caption":"Metall-Service Gesellschaft m.b.H."},"image":{"@id":"http:\/\/metall-service.at\/#\/schema\/logo\/image\/"}}]}},"_links":{"self":[{"href":"http:\/\/metall-service.at\/index.php?rest_route=\/wp\/v2\/pages\/79"}],"collection":[{"href":"http:\/\/metall-service.at\/index.php?rest_route=\/wp\/v2\/pages"}],"about":[{"href":"http:\/\/metall-service.at\/index.php?rest_route=\/wp\/v2\/types\/page"}],"author":[{"embeddable":true,"href":"http:\/\/metall-service.at\/index.php?rest_route=\/wp\/v2\/users\/2"}],"replies":[{"embeddable":true,"href":"http:\/\/metall-service.at\/index.php?rest_route=%2Fwp%2Fv2%2Fcomments&post=79"}],"version-history":[{"count":4,"href":"http:\/\/metall-service.at\/index.php?rest_route=\/wp\/v2\/pages\/79\/revisions"}],"predecessor-version":[{"id":490,"href":"http:\/\/metall-service.at\/index.php?rest_route=\/wp\/v2\/pages\/79\/revisions\/490"}],"up":[{"embeddable":true,"href":"http:\/\/metall-service.at\/index.php?rest_route=\/wp\/v2\/pages\/7"}],"wp:attachment":[{"href":"http:\/\/metall-service.at\/index.php?rest_route=%2Fwp%2Fv2%2Fmedia&parent=79"}],"curies":[{"name":"wp","href":"https:\/\/api.w.org\/{rel}","templated":true}]}}