{"id":740,"date":"2021-09-01T22:31:00","date_gmt":"2021-09-01T21:31:00","guid":{"rendered":"http:\/\/metall-service.at\/?page_id=740"},"modified":"2022-04-25T08:35:38","modified_gmt":"2022-04-25T07:35:38","slug":"leistungen","status":"publish","type":"page","link":"http:\/\/metall-service.at\/?page_id=740","title":{"rendered":"Leistungen"},"content":{"rendered":"\n<p>Folgende Leistungen und Services rund um Metall-Recycling und Schrott bieten wir Ihnen an:<\/p>\n\n\n\n<h2 id=\"AluminiumRecycling\">Aluminium-Recycling<\/h2>\n\n\n\n<p><img decoding=\"async\" loading=\"lazy\" class=\"alignnone size-large wp-image-391\" src=\"http:\/\/metall-service.at\/wp-content\/uploads\/2020\/06\/AluminiumScrap_h864.jpg\" alt=\"\" width=\"499\" height=\"250\"><br>Wir \u00fcbernehmen Ihre Aluminiumschrotte und f\u00fchren Sie zur\u00fcck in den Wertstoffkreislauf.<\/p>\n<p><img decoding=\"async\" loading=\"lazy\" class=\"alignnone size-large wp-image-391\" src=\"http:\/\/metall-service.at\/wp-content\/uploads\/2020\/12\/Alu-Ingots-Alu-Sows-cropped.jpg\" alt=\"\" width=\"499\" height=\"250\"><br><img decoding=\"async\" class=\"alignnone size-large wp-image-391\" src=\"http:\/\/metall-service.at\/wp-content\/uploads\/2022\/03\/20211114_170021_resized.jpg\" alt=\"\" width=\"499\"><br>Dar\u00fcber hinaus \u00fcbernehmen wir gerne Ihre Aluminiumschrotte zur Umarbeitung und liefern Ihnen Alu-Legierungen in Form von Barren oder Bl\u00f6cken.<\/p>\n<p><img decoding=\"async\" loading=\"lazy\" src=\"http:\/\/metall-service.at\/wp-content\/uploads\/2021\/09\/IMG-20210816-WA0004.jpg\" alt=\"\" class=\"wp-image-747\" width=\"499\" height=\"665\" srcset=\"http:\/\/metall-service.at\/wp-content\/uploads\/2021\/09\/IMG-20210816-WA0004.jpg 576w, http:\/\/metall-service.at\/wp-content\/uploads\/2021\/09\/IMG-20210816-WA0004-225x300.jpg 225w\" sizes=\"(max-width: 499px) 100vw, 499px\" \/><\/p>\n\n\n\n<h2 id=\"MagnesiumRecycling\">Magnesium-Recycling<\/h2>\n\n\n\n<p><img decoding=\"async\" loading=\"lazy\" class=\"alignnone size-large wp-image-396\" src=\"http:\/\/metall-service.at\/wp-content\/uploads\/2020\/01\/MetalShavings01-1024x512.jpg\" alt=\"\" width=\"499\" height=\"250\" srcset=\"http:\/\/metall-service.at\/wp-content\/uploads\/2020\/01\/MetalShavings01-1024x512.jpg 1024w, http:\/\/metall-service.at\/wp-content\/uploads\/2020\/01\/MetalShavings01-300x150.jpg 300w, http:\/\/metall-service.at\/wp-content\/uploads\/2020\/01\/MetalShavings01-768x384.jpg 768w, http:\/\/metall-service.at\/wp-content\/uploads\/2020\/01\/MetalShavings01-624x312.jpg 624w, http:\/\/metall-service.at\/wp-content\/uploads\/2020\/01\/MetalShavings01.jpg 2016w\" sizes=\"(max-width: 499px) 100vw, 499px\" \/><br>Wir \u00fcbernehmen Ihre Magnesiumschrotte und f\u00fchren Sie zur\u00fcck in den Wertstoffkreislauf.<\/p>\n\n\n\n<h2 id=\"EisenSchrotteFe\">Eisen-Schrotte (Fe)<\/h2>\n\n\n\n<p><!--<img decoding=\"async\" loading=\"lazy\" class=\"alignnone size-large wp-image-395\" src=\"http:\/\/metall-service.at\/wp-content\/uploads\/2020\/01\/MetallSchrott01-1024x512.jpg\" alt=\"\" width=\"499\" height=\"250\" srcset=\"http:\/\/metall-service.at\/wp-content\/uploads\/2020\/01\/MetallSchrott01-1024x512.jpg 1024w, http:\/\/metall-service.at\/wp-content\/uploads\/2020\/01\/MetallSchrott01-300x150.jpg 300w, http:\/\/metall-service.at\/wp-content\/uploads\/2020\/01\/MetallSchrott01-768x384.jpg 768w, http:\/\/metall-service.at\/wp-content\/uploads\/2020\/01\/MetallSchrott01-624x312.jpg 624w, http:\/\/metall-service.at\/wp-content\/uploads\/2020\/01\/MetallSchrott01.jpg 2016w\" sizes=\"(max-width: 499px) 100vw, 499px\" \/>--><img decoding=\"async\" loading=\"lazy\" class=\"alignnone size-large wp-image-395\" src=\"http:\/\/metall-service.at\/wp-content\/uploads\/2020\/06\/fe-schrott_h1008.jpg\" alt=\"\" width=\"499\" height=\"250\"><br>Wir entsorgen und recyceln alle Arten und Sorten wie Blechschrotte, Schwerschrotte und Gie\u00dfereischrotte.<\/p>\n\n\n\n<h2 id=\"MetallSchrotteNE\">Metall-Schrotte (NE)<\/h2>\n\n\n\n<p><img decoding=\"async\" loading=\"lazy\" class=\"alignnone size-large wp-image-398\" src=\"http:\/\/metall-service.at\/wp-content\/uploads\/2020\/01\/ScrapProfiles01-1024x512.jpg\" alt=\"\" width=\"499\" height=\"250\" srcset=\"http:\/\/metall-service.at\/wp-content\/uploads\/2020\/01\/ScrapProfiles01-1024x512.jpg 1024w, http:\/\/metall-service.at\/wp-content\/uploads\/2020\/01\/ScrapProfiles01-300x150.jpg 300w, http:\/\/metall-service.at\/wp-content\/uploads\/2020\/01\/ScrapProfiles01-768x384.jpg 768w, http:\/\/metall-service.at\/wp-content\/uploads\/2020\/01\/ScrapProfiles01-624x312.jpg 624w, http:\/\/metall-service.at\/wp-content\/uploads\/2020\/01\/ScrapProfiles01.jpg 2016w\" sizes=\"(max-width: 499px) 100vw, 499px\" \/><br>Wir \u00fcbernehmen und recyceln alle Arten und Sorten wie&nbsp;<strong>Aluminium, Kupfer, Messing, Nirosta, Chromstahl, Altblei, etc.<\/strong><\/p>\n\n\n\n<h2 id=\"FassHandel\">Fass-Handel<\/h2>\n\n\n\n<p><img decoding=\"async\" class=\"alignnone size-large wp-image-3991\" src=\"http:\/\/metall-service.at\/wp-content\/uploads\/2022\/03\/20220309_084639_resized.jpg\" alt=\"\" width=\"499\"><br>Sie brauchen <strong>Stahlf\u00e4sser<\/strong>? Wir liefern gebrauchte 200-Liter Stahlf\u00e4sser (ADR\/Gefahrgut-geeignet mit Deckel)<br>H\u00f6he: ca. 88 cm<br>Durchmesser (innen): ca. 57 cm<\/p>\n<p><img decoding=\"async\" class=\"alignnone size-large wp-image-3992\" src=\"http:\/\/metall-service.at\/wp-content\/uploads\/2022\/03\/20210324_173810_resized_1.jpg\" alt=\"\" width=\"499\"><br><img decoding=\"async\" class=\"alignnone size-large wp-image-3993\" src=\"http:\/\/metall-service.at\/wp-content\/uploads\/2022\/03\/20210324_173738_resized_1.jpg\" alt=\"\" width=\"499\"><br><img decoding=\"async\" class=\"alignnone size-large wp-image-3994\" src=\"http:\/\/metall-service.at\/wp-content\/uploads\/2022\/03\/20210324_174021_resized_1.jpg\" alt=\"\" width=\"499\"><\/p>\n\n\n\n<h2 id=\"BigBagHandel\">Handel mit Big-Bags<\/h2>\n\n\n\n<p><img decoding=\"async\" loading=\"lazy\" class=\"alignnone size-large wp-image-399\" src=\"http:\/\/metall-service.at\/wp-content\/uploads\/2021\/09\/BigBag-Collage-h1824-1024x455.jpg\" alt=\"\" width=\"499\" height=\"222\" \/><br \/>Sie brauchen <strong>Big-Bags<\/strong>? Wir liefern Ihnen neuwertige, einmal gebrauchte Big Bags aus der Lebensmittelindustrie. Oben und unten bindbar.<br \/><ul><strong>Standard-Abmessungen:<\/strong><li>90 x 90 x 120<\/li><li>105 x 105 x 140<\/li><li>100 x 100 x 200<\/li>Andere Abmessungen auf R\u00fcckfrage.<\/ul><br \/><\/p>\n\n\n\n<h2 id=\"Referenzproben\">Referenzproben<\/h2>\n\n\n\n<p><img decoding=\"async\" loading=\"lazy\" class=\"alignnone size-large wp-image-397\" src=\"http:\/\/metall-service.at\/wp-content\/uploads\/2020\/01\/Reference01-1024x512.jpg\" alt=\"\" width=\"499\" height=\"250\" srcset=\"http:\/\/metall-service.at\/wp-content\/uploads\/2020\/01\/Reference01-1024x512.jpg 1024w, http:\/\/metall-service.at\/wp-content\/uploads\/2020\/01\/Reference01-300x150.jpg 300w, http:\/\/metall-service.at\/wp-content\/uploads\/2020\/01\/Reference01-768x384.jpg 768w, http:\/\/metall-service.at\/wp-content\/uploads\/2020\/01\/Reference01-624x312.jpg 624w, http:\/\/metall-service.at\/wp-content\/uploads\/2020\/01\/Reference01.jpg 1280w\" sizes=\"(max-width: 499px) 100vw, 499px\" \/><br>Unsere Referenzproben f\u00fcr die Funkenspektrometrie sind auf die Bed\u00fcrfnisse der Aluminium- und Magnesiumindustrie (Druckguss, Gie\u00dfereien und Schmelzbetriebe) abgestimmt. <a href=\"http:\/\/www.referenzproben.at\" target=\"_blank\" rel=\"noopener\">[Mehr&#8230;]<\/a><\/p>\n\n\n\n<h2 id=\"BatterieRecycling\">Batterie-Recycling<\/h2>\n\n\n\n<p><img decoding=\"async\" loading=\"lazy\" class=\"alignnone size-large wp-image-392\" src=\"http:\/\/metall-service.at\/wp-content\/uploads\/2020\/01\/Batterien01-1024x512.jpg\" alt=\"\" width=\"499\" height=\"250\" srcset=\"http:\/\/metall-service.at\/wp-content\/uploads\/2020\/01\/Batterien01-1024x512.jpg 1024w, http:\/\/metall-service.at\/wp-content\/uploads\/2020\/01\/Batterien01-300x150.jpg 300w, http:\/\/metall-service.at\/wp-content\/uploads\/2020\/01\/Batterien01-768x384.jpg 768w, http:\/\/metall-service.at\/wp-content\/uploads\/2020\/01\/Batterien01-624x312.jpg 624w, http:\/\/metall-service.at\/wp-content\/uploads\/2020\/01\/Batterien01.jpg 2016w\" sizes=\"(max-width: 499px) 100vw, 499px\" \/><br>Wir \u00fcbernehmen Ihre alten <strong>Bleibatterien <\/strong>(Fahrzeug- sowie Staplerbatterien) und k\u00fcmmern uns um eine fachgerechte Entsorgung.<br>Die Entsorgung von NiCd- und Lithium-Ionen-Akkus\/Batterien bieten wir nicht an.<\/p>\n\n\n\n<p><\/p>\n\n\n\n<h2 id=\"Demontage\">Demontage<\/h2>\n\n\n\n<p><img decoding=\"async\" loading=\"lazy\" class=\"alignnone size-large wp-image-394\" src=\"http:\/\/metall-service.at\/wp-content\/uploads\/2020\/05\/Demontage03-1024x512.jpg\" alt=\"\" width=\"499\" height=\"250\"><br><img decoding=\"async\" loading=\"lazy\" src=\"http:\/\/metall-service.at\/wp-content\/uploads\/2021\/09\/20210828_212116-1-1024x722.jpg\" alt=\"\" class=\"wp-image-748\" width=\"499\" height=\"352\" srcset=\"http:\/\/metall-service.at\/wp-content\/uploads\/2021\/09\/20210828_212116-1-1024x722.jpg 1024w, http:\/\/metall-service.at\/wp-content\/uploads\/2021\/09\/20210828_212116-1-300x211.jpg 300w, http:\/\/metall-service.at\/wp-content\/uploads\/2021\/09\/20210828_212116-1-768x541.jpg 768w, http:\/\/metall-service.at\/wp-content\/uploads\/2021\/09\/20210828_212116-1-624x440.jpg 624w\" sizes=\"(max-width: 499px) 100vw, 499px\" \/><br>Demontage von Transformatoren (mit Alu- \/ Kupferkern):<br><img decoding=\"async\" src=\"http:\/\/metall-service.at\/wp-content\/uploads\/2022\/04\/20210418_173759_w1008.jpg\" width=\"499\" alt=\"\" class=\"wp-image-838\" srcset=\"http:\/\/metall-service.at\/wp-content\/uploads\/2022\/04\/20210418_173759_w1008.jpg 1008w, http:\/\/metall-service.at\/wp-content\/uploads\/2022\/04\/20210418_173759_w1008-300x169.jpg 300w, http:\/\/metall-service.at\/wp-content\/uploads\/2022\/04\/20210418_173759_w1008-768x432.jpg 768w, http:\/\/metall-service.at\/wp-content\/uploads\/2022\/04\/20210418_173759_w1008-624x351.jpg 624w\" sizes=\"(max-width: 1008px) 100vw, 1008px\" \/><br>Wir \u00fcbernehmen fachgerecht Ihre Demontagearbeiten.<\/p>\n\n\n\n<p>Weitere Impressionen Demontage:<\/p>\n\n\n<ul class=\"wp-block-latest-posts__list wp-block-latest-posts\"><li><a class=\"wp-block-latest-posts__post-title\" href=\"http:\/\/metall-service.at\/?p=331\">Demontage Alu-Tanks<\/a><\/li>\n<\/ul>","protected":false},"excerpt":{"rendered":"<p>Folgende Leistungen und Services rund um Metall-Recycling und Schrott bieten wir Ihnen an: Aluminium-Recycling Wir \u00fcbernehmen Ihre Aluminiumschrotte und f\u00fchren Sie zur\u00fcck in den Wertstoffkreislauf. Dar\u00fcber hinaus \u00fcbernehmen wir gerne Ihre Aluminiumschrotte zur Umarbeitung und liefern Ihnen Alu-Legierungen in Form von Barren oder Bl\u00f6cken. Magnesium-Recycling Wir \u00fcbernehmen Ihre Magnesiumschrotte und f\u00fchren Sie zur\u00fcck in den [&hellip;]<\/p>\n","protected":false},"author":2,"featured_media":0,"parent":0,"menu_order":0,"comment_status":"closed","ping_status":"closed","template":"page-templates\/full-width.php","meta":[],"acf":[],"yoast_head":"<!-- This site is optimized with the Yoast SEO plugin v19.13 - https:\/\/yoast.com\/wordpress\/plugins\/seo\/ -->\n<title>Leistungen - Metall-Service Gesellschaft m.b.H.<\/title>\n<meta name=\"robots\" content=\"index, follow, max-snippet:-1, max-image-preview:large, max-video-preview:-1\" \/>\n<link rel=\"canonical\" href=\"http:\/\/metall-service.at\/?page_id=740\" \/>\n<meta property=\"og:locale\" content=\"de_DE\" \/>\n<meta property=\"og:type\" content=\"article\" \/>\n<meta property=\"og:title\" content=\"Leistungen - Metall-Service Gesellschaft m.b.H.\" \/>\n<meta property=\"og:description\" content=\"Folgende Leistungen und Services rund um Metall-Recycling und Schrott bieten wir Ihnen an: Aluminium-Recycling Wir \u00fcbernehmen Ihre Aluminiumschrotte und f\u00fchren Sie zur\u00fcck in den Wertstoffkreislauf. Dar\u00fcber hinaus \u00fcbernehmen wir gerne Ihre Aluminiumschrotte zur Umarbeitung und liefern Ihnen Alu-Legierungen in Form von Barren oder Bl\u00f6cken. Magnesium-Recycling Wir \u00fcbernehmen Ihre Magnesiumschrotte und f\u00fchren Sie zur\u00fcck in den [&hellip;]\" \/>\n<meta property=\"og:url\" content=\"http:\/\/metall-service.at\/?page_id=740\" \/>\n<meta property=\"og:site_name\" content=\"Metall-Service Gesellschaft m.b.H.\" \/>\n<meta property=\"article:modified_time\" content=\"2022-04-25T07:35:38+00:00\" \/>\n<meta property=\"og:image\" content=\"http:\/\/metall-service.at\/wp-content\/uploads\/2020\/06\/AluminiumScrap_h864.jpg\" \/>\n<meta name=\"twitter:label1\" content=\"Gesch\u00e4tzte Lesezeit\" \/>\n\t<meta name=\"twitter:data1\" content=\"1\u00a0Minute\" \/>\n<script type=\"application\/ld+json\" class=\"yoast-schema-graph\">{\"@context\":\"https:\/\/schema.org\",\"@graph\":[{\"@type\":\"WebPage\",\"@id\":\"http:\/\/metall-service.at\/?page_id=740\",\"url\":\"http:\/\/metall-service.at\/?page_id=740\",\"name\":\"Leistungen - Metall-Service Gesellschaft m.b.H.\",\"isPartOf\":{\"@id\":\"http:\/\/metall-service.at\/#website\"},\"datePublished\":\"2021-09-01T21:31:00+00:00\",\"dateModified\":\"2022-04-25T07:35:38+00:00\",\"breadcrumb\":{\"@id\":\"http:\/\/metall-service.at\/?page_id=740#breadcrumb\"},\"inLanguage\":\"de\",\"potentialAction\":[{\"@type\":\"ReadAction\",\"target\":[\"http:\/\/metall-service.at\/?page_id=740\"]}]},{\"@type\":\"BreadcrumbList\",\"@id\":\"http:\/\/metall-service.at\/?page_id=740#breadcrumb\",\"itemListElement\":[{\"@type\":\"ListItem\",\"position\":1,\"name\":\"Home\",\"item\":\"http:\/\/metall-service.at\/\"},{\"@type\":\"ListItem\",\"position\":2,\"name\":\"Leistungen\"}]},{\"@type\":\"WebSite\",\"@id\":\"http:\/\/metall-service.at\/#website\",\"url\":\"http:\/\/metall-service.at\/\",\"name\":\"Metall-Service Gesellschaft m.b.H.\",\"description\":\"Aluminium- &amp; Magnesiumrecycling, Schrott + Metallhandel\",\"publisher\":{\"@id\":\"http:\/\/metall-service.at\/#organization\"},\"potentialAction\":[{\"@type\":\"SearchAction\",\"target\":{\"@type\":\"EntryPoint\",\"urlTemplate\":\"http:\/\/metall-service.at\/?s={search_term_string}\"},\"query-input\":\"required name=search_term_string\"}],\"inLanguage\":\"de\"},{\"@type\":\"Organization\",\"@id\":\"http:\/\/metall-service.at\/#organization\",\"name\":\"Metall-Service Gesellschaft m.b.H.\",\"url\":\"http:\/\/metall-service.at\/\",\"logo\":{\"@type\":\"ImageObject\",\"inLanguage\":\"de\",\"@id\":\"http:\/\/metall-service.at\/#\/schema\/logo\/image\/\",\"url\":\"http:\/\/metall-service.at\/wp-content\/uploads\/2018\/03\/Logo-Metall-Service.jpg\",\"contentUrl\":\"http:\/\/metall-service.at\/wp-content\/uploads\/2018\/03\/Logo-Metall-Service.jpg\",\"width\":763,\"height\":492,\"caption\":\"Metall-Service Gesellschaft m.b.H.\"},\"image\":{\"@id\":\"http:\/\/metall-service.at\/#\/schema\/logo\/image\/\"}}]}<\/script>\n<!-- \/ Yoast SEO plugin. -->","yoast_head_json":{"title":"Leistungen - Metall-Service Gesellschaft m.b.H.","robots":{"index":"index","follow":"follow","max-snippet":"max-snippet:-1","max-image-preview":"max-image-preview:large","max-video-preview":"max-video-preview:-1"},"canonical":"http:\/\/metall-service.at\/?page_id=740","og_locale":"de_DE","og_type":"article","og_title":"Leistungen - Metall-Service Gesellschaft m.b.H.","og_description":"Folgende Leistungen und Services rund um Metall-Recycling und Schrott bieten wir Ihnen an: Aluminium-Recycling Wir \u00fcbernehmen Ihre Aluminiumschrotte und f\u00fchren Sie zur\u00fcck in den Wertstoffkreislauf. Dar\u00fcber hinaus \u00fcbernehmen wir gerne Ihre Aluminiumschrotte zur Umarbeitung und liefern Ihnen Alu-Legierungen in Form von Barren oder Bl\u00f6cken. Magnesium-Recycling Wir \u00fcbernehmen Ihre Magnesiumschrotte und f\u00fchren Sie zur\u00fcck in den [&hellip;]","og_url":"http:\/\/metall-service.at\/?page_id=740","og_site_name":"Metall-Service Gesellschaft m.b.H.","article_modified_time":"2022-04-25T07:35:38+00:00","og_image":[{"url":"http:\/\/metall-service.at\/wp-content\/uploads\/2020\/06\/AluminiumScrap_h864.jpg"}],"twitter_misc":{"Gesch\u00e4tzte Lesezeit":"1\u00a0Minute"},"schema":{"@context":"https:\/\/schema.org","@graph":[{"@type":"WebPage","@id":"http:\/\/metall-service.at\/?page_id=740","url":"http:\/\/metall-service.at\/?page_id=740","name":"Leistungen - Metall-Service Gesellschaft m.b.H.","isPartOf":{"@id":"http:\/\/metall-service.at\/#website"},"datePublished":"2021-09-01T21:31:00+00:00","dateModified":"2022-04-25T07:35:38+00:00","breadcrumb":{"@id":"http:\/\/metall-service.at\/?page_id=740#breadcrumb"},"inLanguage":"de","potentialAction":[{"@type":"ReadAction","target":["http:\/\/metall-service.at\/?page_id=740"]}]},{"@type":"BreadcrumbList","@id":"http:\/\/metall-service.at\/?page_id=740#breadcrumb","itemListElement":[{"@type":"ListItem","position":1,"name":"Home","item":"http:\/\/metall-service.at\/"},{"@type":"ListItem","position":2,"name":"Leistungen"}]},{"@type":"WebSite","@id":"http:\/\/metall-service.at\/#website","url":"http:\/\/metall-service.at\/","name":"Metall-Service Gesellschaft m.b.H.","description":"Aluminium- &amp; Magnesiumrecycling, Schrott + Metallhandel","publisher":{"@id":"http:\/\/metall-service.at\/#organization"},"potentialAction":[{"@type":"SearchAction","target":{"@type":"EntryPoint","urlTemplate":"http:\/\/metall-service.at\/?s={search_term_string}"},"query-input":"required name=search_term_string"}],"inLanguage":"de"},{"@type":"Organization","@id":"http:\/\/metall-service.at\/#organization","name":"Metall-Service Gesellschaft m.b.H.","url":"http:\/\/metall-service.at\/","logo":{"@type":"ImageObject","inLanguage":"de","@id":"http:\/\/metall-service.at\/#\/schema\/logo\/image\/","url":"http:\/\/metall-service.at\/wp-content\/uploads\/2018\/03\/Logo-Metall-Service.jpg","contentUrl":"http:\/\/metall-service.at\/wp-content\/uploads\/2018\/03\/Logo-Metall-Service.jpg","width":763,"height":492,"caption":"Metall-Service Gesellschaft m.b.H."},"image":{"@id":"http:\/\/metall-service.at\/#\/schema\/logo\/image\/"}}]}},"_links":{"self":[{"href":"http:\/\/metall-service.at\/index.php?rest_route=\/wp\/v2\/pages\/740"}],"collection":[{"href":"http:\/\/metall-service.at\/index.php?rest_route=\/wp\/v2\/pages"}],"about":[{"href":"http:\/\/metall-service.at\/index.php?rest_route=\/wp\/v2\/types\/page"}],"author":[{"embeddable":true,"href":"http:\/\/metall-service.at\/index.php?rest_route=\/wp\/v2\/users\/2"}],"replies":[{"embeddable":true,"href":"http:\/\/metall-service.at\/index.php?rest_route=%2Fwp%2Fv2%2Fcomments&post=740"}],"version-history":[{"count":27,"href":"http:\/\/metall-service.at\/index.php?rest_route=\/wp\/v2\/pages\/740\/revisions"}],"predecessor-version":[{"id":849,"href":"http:\/\/metall-service.at\/index.php?rest_route=\/wp\/v2\/pages\/740\/revisions\/849"}],"wp:attachment":[{"href":"http:\/\/metall-service.at\/index.php?rest_route=%2Fwp%2Fv2%2Fmedia&parent=740"}],"curies":[{"name":"wp","href":"https:\/\/api.w.org\/{rel}","templated":true}]}}