{"id":190,"date":"2016-06-19T17:56:54","date_gmt":"2016-06-19T16:56:54","guid":{"rendered":"http:\/\/metall-service.at\/?page_id=190"},"modified":"2024-07-30T07:40:29","modified_gmt":"2024-07-30T06:40:29","slug":"platzordnung-hofordnung","status":"publish","type":"page","link":"http:\/\/metall-service.at\/?page_id=190","title":{"rendered":"Platzordnung \/ Hofordnung"},"content":{"rendered":"<p>Wir haben f\u00fcr unser Gel\u00e4nde eine Platzordnung festgelegt, die Sie sich unter nachstehendem Link herunterladen bzw. ansehen k\u00f6nnen.<br \/>\nWir bitten Sie die Platzordnung bei Ihrem n\u00e4chsten Besuch zu beachten.<\/p>\n<p><a href=\"http:\/\/metall-service.at\/wp-content\/uploads\/2024\/07\/20240215_Hofordnung_Platzordnung.pdf\"><img decoding=\"async\" loading=\"lazy\" class=\"alignnone size-full wp-image-192\" src=\"http:\/\/metall-service.at\/wp-content\/uploads\/2024\/07\/20240730-Screenshot-Platzordnung.png\" alt=\"Screenshot Hofordnung\" width=\"1076\" height=\"710\" \/><\/a><br \/>\n<a href=\"http:\/\/metall-service.at\/wp-content\/uploads\/2024\/07\/20240215_Hofordnung_Platzordnung.pdf\">Platzordnung Metall-Service<\/a><\/p>\n","protected":false},"excerpt":{"rendered":"<p>Wir haben f\u00fcr unser Gel\u00e4nde eine Platzordnung festgelegt, die Sie sich unter nachstehendem Link herunterladen bzw. ansehen k\u00f6nnen. Wir bitten Sie die Platzordnung bei Ihrem n\u00e4chsten Besuch zu beachten. Platzordnung Metall-Service<\/p>\n","protected":false},"author":2,"featured_media":0,"parent":0,"menu_order":0,"comment_status":"closed","ping_status":"open","template":"page-templates\/full-width.php","meta":[],"acf":[],"yoast_head":"<!-- This site is optimized with the Yoast SEO plugin v19.13 - https:\/\/yoast.com\/wordpress\/plugins\/seo\/ -->\n<title>Platzordnung \/ Hofordnung - Metall-Service Gesellschaft m.b.H.<\/title>\n<meta name=\"robots\" content=\"index, follow, max-snippet:-1, max-image-preview:large, max-video-preview:-1\" \/>\n<link rel=\"canonical\" href=\"http:\/\/metall-service.at\/?page_id=190\" \/>\n<meta property=\"og:locale\" content=\"de_DE\" \/>\n<meta property=\"og:type\" content=\"article\" \/>\n<meta property=\"og:title\" content=\"Platzordnung \/ Hofordnung - Metall-Service Gesellschaft m.b.H.\" \/>\n<meta property=\"og:description\" content=\"Wir haben f\u00fcr unser Gel\u00e4nde eine Platzordnung festgelegt, die Sie sich unter nachstehendem Link herunterladen bzw. ansehen k\u00f6nnen. Wir bitten Sie die Platzordnung bei Ihrem n\u00e4chsten Besuch zu beachten. Platzordnung Metall-Service\" \/>\n<meta property=\"og:url\" content=\"http:\/\/metall-service.at\/?page_id=190\" \/>\n<meta property=\"og:site_name\" content=\"Metall-Service Gesellschaft m.b.H.\" \/>\n<meta property=\"article:modified_time\" content=\"2024-07-30T06:40:29+00:00\" \/>\n<meta property=\"og:image\" content=\"http:\/\/metall-service.at\/wp-content\/uploads\/2024\/07\/20240730-Screenshot-Platzordnung.png\" \/>\n<meta name=\"twitter:label1\" content=\"Gesch\u00e4tzte Lesezeit\" \/>\n\t<meta name=\"twitter:data1\" content=\"1\u00a0Minute\" \/>\n<script type=\"application\/ld+json\" class=\"yoast-schema-graph\">{\"@context\":\"https:\/\/schema.org\",\"@graph\":[{\"@type\":\"WebPage\",\"@id\":\"http:\/\/metall-service.at\/?page_id=190\",\"url\":\"http:\/\/metall-service.at\/?page_id=190\",\"name\":\"Platzordnung \/ Hofordnung - Metall-Service Gesellschaft m.b.H.\",\"isPartOf\":{\"@id\":\"http:\/\/metall-service.at\/#website\"},\"datePublished\":\"2016-06-19T16:56:54+00:00\",\"dateModified\":\"2024-07-30T06:40:29+00:00\",\"breadcrumb\":{\"@id\":\"http:\/\/metall-service.at\/?page_id=190#breadcrumb\"},\"inLanguage\":\"de\",\"potentialAction\":[{\"@type\":\"ReadAction\",\"target\":[\"http:\/\/metall-service.at\/?page_id=190\"]}]},{\"@type\":\"BreadcrumbList\",\"@id\":\"http:\/\/metall-service.at\/?page_id=190#breadcrumb\",\"itemListElement\":[{\"@type\":\"ListItem\",\"position\":1,\"name\":\"Home\",\"item\":\"http:\/\/metall-service.at\/\"},{\"@type\":\"ListItem\",\"position\":2,\"name\":\"Platzordnung \/ Hofordnung\"}]},{\"@type\":\"WebSite\",\"@id\":\"http:\/\/metall-service.at\/#website\",\"url\":\"http:\/\/metall-service.at\/\",\"name\":\"Metall-Service Gesellschaft m.b.H.\",\"description\":\"Aluminium- &amp; Magnesiumrecycling, Schrott + Metallhandel\",\"publisher\":{\"@id\":\"http:\/\/metall-service.at\/#organization\"},\"potentialAction\":[{\"@type\":\"SearchAction\",\"target\":{\"@type\":\"EntryPoint\",\"urlTemplate\":\"http:\/\/metall-service.at\/?s={search_term_string}\"},\"query-input\":\"required name=search_term_string\"}],\"inLanguage\":\"de\"},{\"@type\":\"Organization\",\"@id\":\"http:\/\/metall-service.at\/#organization\",\"name\":\"Metall-Service Gesellschaft m.b.H.\",\"url\":\"http:\/\/metall-service.at\/\",\"logo\":{\"@type\":\"ImageObject\",\"inLanguage\":\"de\",\"@id\":\"http:\/\/metall-service.at\/#\/schema\/logo\/image\/\",\"url\":\"http:\/\/metall-service.at\/wp-content\/uploads\/2018\/03\/Logo-Metall-Service.jpg\",\"contentUrl\":\"http:\/\/metall-service.at\/wp-content\/uploads\/2018\/03\/Logo-Metall-Service.jpg\",\"width\":763,\"height\":492,\"caption\":\"Metall-Service Gesellschaft m.b.H.\"},\"image\":{\"@id\":\"http:\/\/metall-service.at\/#\/schema\/logo\/image\/\"}}]}<\/script>\n<!-- \/ Yoast SEO plugin. -->","yoast_head_json":{"title":"Platzordnung \/ Hofordnung - Metall-Service Gesellschaft m.b.H.","robots":{"index":"index","follow":"follow","max-snippet":"max-snippet:-1","max-image-preview":"max-image-preview:large","max-video-preview":"max-video-preview:-1"},"canonical":"http:\/\/metall-service.at\/?page_id=190","og_locale":"de_DE","og_type":"article","og_title":"Platzordnung \/ Hofordnung - Metall-Service Gesellschaft m.b.H.","og_description":"Wir haben f\u00fcr unser Gel\u00e4nde eine Platzordnung festgelegt, die Sie sich unter nachstehendem Link herunterladen bzw. ansehen k\u00f6nnen. Wir bitten Sie die Platzordnung bei Ihrem n\u00e4chsten Besuch zu beachten. Platzordnung Metall-Service","og_url":"http:\/\/metall-service.at\/?page_id=190","og_site_name":"Metall-Service Gesellschaft m.b.H.","article_modified_time":"2024-07-30T06:40:29+00:00","og_image":[{"url":"http:\/\/metall-service.at\/wp-content\/uploads\/2024\/07\/20240730-Screenshot-Platzordnung.png"}],"twitter_misc":{"Gesch\u00e4tzte Lesezeit":"1\u00a0Minute"},"schema":{"@context":"https:\/\/schema.org","@graph":[{"@type":"WebPage","@id":"http:\/\/metall-service.at\/?page_id=190","url":"http:\/\/metall-service.at\/?page_id=190","name":"Platzordnung \/ Hofordnung - Metall-Service Gesellschaft m.b.H.","isPartOf":{"@id":"http:\/\/metall-service.at\/#website"},"datePublished":"2016-06-19T16:56:54+00:00","dateModified":"2024-07-30T06:40:29+00:00","breadcrumb":{"@id":"http:\/\/metall-service.at\/?page_id=190#breadcrumb"},"inLanguage":"de","potentialAction":[{"@type":"ReadAction","target":["http:\/\/metall-service.at\/?page_id=190"]}]},{"@type":"BreadcrumbList","@id":"http:\/\/metall-service.at\/?page_id=190#breadcrumb","itemListElement":[{"@type":"ListItem","position":1,"name":"Home","item":"http:\/\/metall-service.at\/"},{"@type":"ListItem","position":2,"name":"Platzordnung \/ Hofordnung"}]},{"@type":"WebSite","@id":"http:\/\/metall-service.at\/#website","url":"http:\/\/metall-service.at\/","name":"Metall-Service Gesellschaft m.b.H.","description":"Aluminium- &amp; Magnesiumrecycling, Schrott + Metallhandel","publisher":{"@id":"http:\/\/metall-service.at\/#organization"},"potentialAction":[{"@type":"SearchAction","target":{"@type":"EntryPoint","urlTemplate":"http:\/\/metall-service.at\/?s={search_term_string}"},"query-input":"required name=search_term_string"}],"inLanguage":"de"},{"@type":"Organization","@id":"http:\/\/metall-service.at\/#organization","name":"Metall-Service Gesellschaft m.b.H.","url":"http:\/\/metall-service.at\/","logo":{"@type":"ImageObject","inLanguage":"de","@id":"http:\/\/metall-service.at\/#\/schema\/logo\/image\/","url":"http:\/\/metall-service.at\/wp-content\/uploads\/2018\/03\/Logo-Metall-Service.jpg","contentUrl":"http:\/\/metall-service.at\/wp-content\/uploads\/2018\/03\/Logo-Metall-Service.jpg","width":763,"height":492,"caption":"Metall-Service Gesellschaft m.b.H."},"image":{"@id":"http:\/\/metall-service.at\/#\/schema\/logo\/image\/"}}]}},"_links":{"self":[{"href":"http:\/\/metall-service.at\/index.php?rest_route=\/wp\/v2\/pages\/190"}],"collection":[{"href":"http:\/\/metall-service.at\/index.php?rest_route=\/wp\/v2\/pages"}],"about":[{"href":"http:\/\/metall-service.at\/index.php?rest_route=\/wp\/v2\/types\/page"}],"author":[{"embeddable":true,"href":"http:\/\/metall-service.at\/index.php?rest_route=\/wp\/v2\/users\/2"}],"replies":[{"embeddable":true,"href":"http:\/\/metall-service.at\/index.php?rest_route=%2Fwp%2Fv2%2Fcomments&post=190"}],"version-history":[{"count":7,"href":"http:\/\/metall-service.at\/index.php?rest_route=\/wp\/v2\/pages\/190\/revisions"}],"predecessor-version":[{"id":946,"href":"http:\/\/metall-service.at\/index.php?rest_route=\/wp\/v2\/pages\/190\/revisions\/946"}],"wp:attachment":[{"href":"http:\/\/metall-service.at\/index.php?rest_route=%2Fwp%2Fv2%2Fmedia&parent=190"}],"curies":[{"name":"wp","href":"https:\/\/api.w.org\/{rel}","templated":true}]}}